{"id":113,"date":"2026-03-06T18:27:21","date_gmt":"2026-03-06T17:27:21","guid":{"rendered":"http:\/\/localhost\/knin\/?page_id=113"},"modified":"2026-04-09T09:46:49","modified_gmt":"2026-04-09T07:46:49","slug":"vystava","status":"publish","type":"page","link":"https:\/\/vystava.korba.cz\/index.php\/vystava\/","title":{"rendered":"B\u0159idlice, opuky a p\u00edskovce"},"content":{"rendered":"<p>Toto album obsahuje p\u0159edev\u0161\u00edm opu\u0161t\u011bn\u00e9 prostory po podzemn\u00ed t\u011b\u017eb\u011b materi\u00e1l\u016f pou\u017e\u00edvan\u00fdch ve stavebnictv\u00ed. Nafocen\u00e9 doly na pokr\u00fdva\u010dsk\u00e9 b\u0159idlice jsou z oblasti Budi\u0161ova nad Budi\u0161ovkou. \u0160t\u00edpan\u00e9 b\u0159idlicov\u00e9 desky byly vyu\u017e\u00edv\u00e1ny zejm\u00e9na jako&nbsp; historick\u00e1 st\u0159e\u0161n\u00ed krytina. Podzemn\u00ed t\u011b\u017eba opuky je z M\u011blnicka a dod\u00e1vala kvalitn\u00ed stavebn\u00ed k\u00e1men.&nbsp; T\u0159et\u00ed galeri\u00ed v albu je podzemn\u00ed p\u00edskovna B\u00edl\u00fd k\u016f\u0148 (spr\u00e1vn\u011b Fejkova p\u00edskovna), kter\u00e1 je uzam\u010dena a m\u00e1 ji ve spr\u00e1v\u011b m\u011bstsk\u00e1 \u010d\u00e1st Praha 14.&nbsp;&nbsp;<\/p>\n<p>P\u0159idal jsem sem je\u0161t\u011b pra\u017eskou Rudolfovu \u0161tolu z \u0161estn\u00e1ct\u00e9ho stolet\u00ed &#8211; sice se v n\u00ed net\u011b\u017eilo, ale v b\u0159idlicemi pod Letnou proch\u00e1z\u00ed.<\/p>\nngg_shortcode_0_placeholder\n","protected":false},"excerpt":{"rendered":"<p>Toto album obsahuje p\u0159edev\u0161\u00edm opu\u0161t\u011bn\u00e9 prostory po podzemn\u00ed t\u011b\u017eb\u011b materi\u00e1l\u016f pou\u017e\u00edvan\u00fdch ve stavebnictv\u00ed. Nafocen\u00e9 doly na pokr\u00fdva\u010dsk\u00e9 b\u0159idlice jsou z oblasti Budi\u0161ova nad Budi\u0161ovkou. \u0160t\u00edpan\u00e9 b\u0159idlicov\u00e9 desky byly vyu\u017e\u00edv\u00e1ny zejm\u00e9na jako&nbsp; historick\u00e1 st\u0159e\u0161n\u00ed krytina. Podzemn\u00ed t\u011b\u017eba opuky je z M\u011blnicka a dod\u00e1vala kvalitn\u00ed stavebn\u00ed k\u00e1men.&nbsp; T\u0159et\u00ed galeri\u00ed v albu je podzemn\u00ed p\u00edskovna B\u00edl\u00fd k\u016f\u0148 (spr\u00e1vn\u011b Fejkova p\u00edskovna), kter\u00e1 je uzam\u010dena a m\u00e1 ji ve spr\u00e1v\u011b m\u011bstsk\u00e1 \u010d\u00e1st Praha 14.&nbsp;&nbsp; P\u0159idal jsem sem je\u0161t\u011b pra\u017eskou Rudolfovu \u0161tolu z \u0161estn\u00e1ct\u00e9ho stolet\u00ed &#8211; sice se v n\u00ed net\u011b\u017eilo, ale v b\u0159idlicemi pod Letnou proch\u00e1z\u00ed.<\/p>\n","protected":false},"author":1,"featured_media":0,"parent":0,"menu_order":0,"comment_status":"closed","ping_status":"closed","template":"","meta":{"ngg_post_thumbnail":0,"footnotes":""},"class_list":["post-113","page","type-page","status-publish","hentry"],"_links":{"self":[{"href":"https:\/\/vystava.korba.cz\/index.php\/wp-json\/wp\/v2\/pages\/113","targetHints":{"allow":["GET"]}}],"collection":[{"href":"https:\/\/vystava.korba.cz\/index.php\/wp-json\/wp\/v2\/pages"}],"about":[{"href":"https:\/\/vystava.korba.cz\/index.php\/wp-json\/wp\/v2\/types\/page"}],"author":[{"embeddable":true,"href":"https:\/\/vystava.korba.cz\/index.php\/wp-json\/wp\/v2\/users\/1"}],"replies":[{"embeddable":true,"href":"https:\/\/vystava.korba.cz\/index.php\/wp-json\/wp\/v2\/comments?post=113"}],"version-history":[{"count":2,"href":"https:\/\/vystava.korba.cz\/index.php\/wp-json\/wp\/v2\/pages\/113\/revisions"}],"predecessor-version":[{"id":2144,"href":"https:\/\/vystava.korba.cz\/index.php\/wp-json\/wp\/v2\/pages\/113\/revisions\/2144"}],"wp:attachment":[{"href":"https:\/\/vystava.korba.cz\/index.php\/wp-json\/wp\/v2\/media?parent=113"}],"curies":[{"name":"wp","href":"https:\/\/api.w.org\/{rel}","templated":true}]}}