{"id":243,"date":"2026-03-06T19:31:59","date_gmt":"2026-03-06T18:31:59","guid":{"rendered":"http:\/\/localhost\/knin\/?page_id=243"},"modified":"2026-03-17T12:39:09","modified_gmt":"2026-03-17T11:39:09","slug":"pegmatity","status":"publish","type":"page","link":"https:\/\/vystava.korba.cz\/index.php\/pegmatity\/","title":{"rendered":"Pegmatity"},"content":{"rendered":"<p>Naleznete zde pouze okol\u00ed Doma\u017elic a Pob\u011b\u017eovic. Zat\u00edmco Doma\u017eli\u010dt\u00ed vybudovali v dole Na kole hornick\u00fd skanzen (d\u016fl Na bab\u011b se k tomu p\u0159\u00edli\u0161 nehod\u00ed), zbytky pegmatitov\u00fdch dol\u016f v okol\u00ed Pob\u011b\u017eovic vlivem zv\u011btr\u00e1v\u00e1n\u00ed hornin ch\u00e1traj\u00ed a podl\u00e9haj\u00ed zk\u00e1ze.<\/p>\nngg_shortcode_0_placeholder\n","protected":false},"excerpt":{"rendered":"<p>Naleznete zde pouze okol\u00ed Doma\u017elic a Pob\u011b\u017eovic. Zat\u00edmco Doma\u017eli\u010dt\u00ed vybudovali v dole Na kole hornick\u00fd skanzen (d\u016fl Na bab\u011b se k tomu p\u0159\u00edli\u0161 nehod\u00ed), zbytky pegmatitov\u00fdch dol\u016f v okol\u00ed Pob\u011b\u017eovic vlivem zv\u011btr\u00e1v\u00e1n\u00ed hornin ch\u00e1traj\u00ed a podl\u00e9haj\u00ed zk\u00e1ze.<\/p>\n","protected":false},"author":1,"featured_media":0,"parent":0,"menu_order":0,"comment_status":"closed","ping_status":"closed","template":"","meta":{"ngg_post_thumbnail":0,"footnotes":""},"class_list":["post-243","page","type-page","status-publish","hentry"],"_links":{"self":[{"href":"https:\/\/vystava.korba.cz\/index.php\/wp-json\/wp\/v2\/pages\/243","targetHints":{"allow":["GET"]}}],"collection":[{"href":"https:\/\/vystava.korba.cz\/index.php\/wp-json\/wp\/v2\/pages"}],"about":[{"href":"https:\/\/vystava.korba.cz\/index.php\/wp-json\/wp\/v2\/types\/page"}],"author":[{"embeddable":true,"href":"https:\/\/vystava.korba.cz\/index.php\/wp-json\/wp\/v2\/users\/1"}],"replies":[{"embeddable":true,"href":"https:\/\/vystava.korba.cz\/index.php\/wp-json\/wp\/v2\/comments?post=243"}],"version-history":[{"count":1,"href":"https:\/\/vystava.korba.cz\/index.php\/wp-json\/wp\/v2\/pages\/243\/revisions"}],"predecessor-version":[{"id":1951,"href":"https:\/\/vystava.korba.cz\/index.php\/wp-json\/wp\/v2\/pages\/243\/revisions\/1951"}],"wp:attachment":[{"href":"https:\/\/vystava.korba.cz\/index.php\/wp-json\/wp\/v2\/media?parent=243"}],"curies":[{"name":"wp","href":"https:\/\/api.w.org\/{rel}","templated":true}]}}