{"id":872,"date":"2026-03-07T12:29:07","date_gmt":"2026-03-07T11:29:07","guid":{"rendered":"http:\/\/localhost\/knin\/?page_id=872"},"modified":"2026-03-17T12:53:12","modified_gmt":"2026-03-17T11:53:12","slug":"uhli","status":"publish","type":"page","link":"https:\/\/vystava.korba.cz\/index.php\/uhli\/","title":{"rendered":"Uhl\u00ed"},"content":{"rendered":"\r\n<p>M\u00e1me zde pom\u011brn\u011b ned\u00e1vno zav\u0159en\u00fd d\u016fl Rako Lupky, \u0161tolu IDA ( v p\u00e9\u010di z\u00e1chrann\u00e9 b\u00e1\u0148sk\u00e9 stanice v Odolov\u011b) a p\u00e1r star\u00fdch t\u011b\u017eeb, kter\u00e9 v\u011bt\u0161inou zanikly u\u017e na p\u0159elomu devaten\u00e1ct\u00e9ho a dvac\u00e1t\u00e9ho stolet\u00ed.<\/p>\r\n\r\nngg_shortcode_0_placeholder","protected":false},"excerpt":{"rendered":"<p>M\u00e1me zde pom\u011brn\u011b ned\u00e1vno zav\u0159en\u00fd d\u016fl Rako Lupky, \u0161tolu IDA ( v p\u00e9\u010di z\u00e1chrann\u00e9 b\u00e1\u0148sk\u00e9 stanice v Odolov\u011b) a p\u00e1r star\u00fdch t\u011b\u017eeb, kter\u00e9 v\u011bt\u0161inou zanikly u\u017e na p\u0159elomu devaten\u00e1ct\u00e9ho a dvac\u00e1t\u00e9ho stolet\u00ed.<\/p>\n","protected":false},"author":1,"featured_media":0,"parent":0,"menu_order":0,"comment_status":"closed","ping_status":"closed","template":"","meta":{"ngg_post_thumbnail":0,"footnotes":""},"class_list":["post-872","page","type-page","status-publish","hentry"],"_links":{"self":[{"href":"https:\/\/vystava.korba.cz\/index.php\/wp-json\/wp\/v2\/pages\/872","targetHints":{"allow":["GET"]}}],"collection":[{"href":"https:\/\/vystava.korba.cz\/index.php\/wp-json\/wp\/v2\/pages"}],"about":[{"href":"https:\/\/vystava.korba.cz\/index.php\/wp-json\/wp\/v2\/types\/page"}],"author":[{"embeddable":true,"href":"https:\/\/vystava.korba.cz\/index.php\/wp-json\/wp\/v2\/users\/1"}],"replies":[{"embeddable":true,"href":"https:\/\/vystava.korba.cz\/index.php\/wp-json\/wp\/v2\/comments?post=872"}],"version-history":[{"count":1,"href":"https:\/\/vystava.korba.cz\/index.php\/wp-json\/wp\/v2\/pages\/872\/revisions"}],"predecessor-version":[{"id":1994,"href":"https:\/\/vystava.korba.cz\/index.php\/wp-json\/wp\/v2\/pages\/872\/revisions\/1994"}],"wp:attachment":[{"href":"https:\/\/vystava.korba.cz\/index.php\/wp-json\/wp\/v2\/media?parent=872"}],"curies":[{"name":"wp","href":"https:\/\/api.w.org\/{rel}","templated":true}]}}