{"id":876,"date":"2026-03-07T12:33:04","date_gmt":"2026-03-07T11:33:04","guid":{"rendered":"http:\/\/localhost\/knin\/?page_id=876"},"modified":"2026-03-17T12:47:12","modified_gmt":"2026-03-17T11:47:12","slug":"vapence","status":"publish","type":"page","link":"https:\/\/vystava.korba.cz\/index.php\/vapence\/","title":{"rendered":"V\u00e1pence"},"content":{"rendered":"\r\n<p>V albu V\u00e1pence najdete mimo syst\u00e9mu zn\u00e1m\u00e9ho jako Mal\u00e1 a Velk\u00e1 Amerika i dnes ji\u017e nep\u0159\u00edstupnou podzemn\u00ed tov\u00e1rnu Richard u Litom\u011b\u0159ic. K tomu pr\u016ftahovou \u0161tolu v Solvayov\u00fdch lomech plnou d\u016fln\u00edch lokomotiv i jin\u00e9 techniky. K tomu tu m\u00e1me lok\u00e1ln\u00ed t\u011b\u017eby okolo Prahy, pobl\u00ed\u017e Chodov\u00e9 Plan\u00e9, d\u016fl Loretu, pra\u017e\u00edc\u00ed pece v Tom\u00e1\u0161kov\u011b lomu a nav\u00edc jeden v\u00e1pencov\u00fd d\u016fl v N\u011bmecku.<\/p>\r\n\r\nngg_shortcode_0_placeholder","protected":false},"excerpt":{"rendered":"<p>V albu V\u00e1pence najdete mimo syst\u00e9mu zn\u00e1m\u00e9ho jako Mal\u00e1 a Velk\u00e1 Amerika i dnes ji\u017e nep\u0159\u00edstupnou podzemn\u00ed tov\u00e1rnu Richard u Litom\u011b\u0159ic. K tomu pr\u016ftahovou \u0161tolu v Solvayov\u00fdch lomech plnou d\u016fln\u00edch lokomotiv i jin\u00e9 techniky. K tomu tu m\u00e1me lok\u00e1ln\u00ed t\u011b\u017eby okolo Prahy, pobl\u00ed\u017e Chodov\u00e9 Plan\u00e9, d\u016fl Loretu, pra\u017e\u00edc\u00ed pece v Tom\u00e1\u0161kov\u011b lomu a nav\u00edc jeden v\u00e1pencov\u00fd d\u016fl v N\u011bmecku.<\/p>\n","protected":false},"author":1,"featured_media":0,"parent":0,"menu_order":0,"comment_status":"closed","ping_status":"closed","template":"","meta":{"ngg_post_thumbnail":0,"footnotes":""},"class_list":["post-876","page","type-page","status-publish","hentry"],"_links":{"self":[{"href":"https:\/\/vystava.korba.cz\/index.php\/wp-json\/wp\/v2\/pages\/876","targetHints":{"allow":["GET"]}}],"collection":[{"href":"https:\/\/vystava.korba.cz\/index.php\/wp-json\/wp\/v2\/pages"}],"about":[{"href":"https:\/\/vystava.korba.cz\/index.php\/wp-json\/wp\/v2\/types\/page"}],"author":[{"embeddable":true,"href":"https:\/\/vystava.korba.cz\/index.php\/wp-json\/wp\/v2\/users\/1"}],"replies":[{"embeddable":true,"href":"https:\/\/vystava.korba.cz\/index.php\/wp-json\/wp\/v2\/comments?post=876"}],"version-history":[{"count":1,"href":"https:\/\/vystava.korba.cz\/index.php\/wp-json\/wp\/v2\/pages\/876\/revisions"}],"predecessor-version":[{"id":1988,"href":"https:\/\/vystava.korba.cz\/index.php\/wp-json\/wp\/v2\/pages\/876\/revisions\/1988"}],"wp:attachment":[{"href":"https:\/\/vystava.korba.cz\/index.php\/wp-json\/wp\/v2\/media?parent=876"}],"curies":[{"name":"wp","href":"https:\/\/api.w.org\/{rel}","templated":true}]}}