{"id":880,"date":"2026-03-07T12:36:19","date_gmt":"2026-03-07T11:36:19","guid":{"rendered":"http:\/\/localhost\/knin\/?page_id=880"},"modified":"2026-03-17T12:41:13","modified_gmt":"2026-03-17T11:41:13","slug":"polymetaly","status":"publish","type":"page","link":"https:\/\/vystava.korba.cz\/index.php\/polymetaly\/","title":{"rendered":"Polymetaly"},"content":{"rendered":"\r\n<p>V albu Polymetaly m\u016f\u017eete nahl\u00e9dnou do skanzen\u016f Mauritius na H\u0159ebe\u010dn\u00e9, Jeron\u00fdm u \u010cist\u00e9, \u0160likovy \u0161toly v Plan\u00e9 a \u0161toly Prokop ve St\u0159\u00edb\u0159e a samoz\u0159ejm\u011b i do star\u00fdch dol\u016f v Kru\u0161n\u00fdch Hor\u00e1ch, kter\u00e9 se skanzeny nestaly. Nu a p\u0159idali jsme sem i j\u00e1chymovsk\u00fd uran.<\/p>\r\n\r\nngg_shortcode_0_placeholder","protected":false},"excerpt":{"rendered":"<p>V albu Polymetaly m\u016f\u017eete nahl\u00e9dnou do skanzen\u016f Mauritius na H\u0159ebe\u010dn\u00e9, Jeron\u00fdm u \u010cist\u00e9, \u0160likovy \u0161toly v Plan\u00e9 a \u0161toly Prokop ve St\u0159\u00edb\u0159e a samoz\u0159ejm\u011b i do star\u00fdch dol\u016f v Kru\u0161n\u00fdch Hor\u00e1ch, kter\u00e9 se skanzeny nestaly. Nu a p\u0159idali jsme sem i j\u00e1chymovsk\u00fd uran.<\/p>\n","protected":false},"author":1,"featured_media":0,"parent":0,"menu_order":0,"comment_status":"closed","ping_status":"closed","template":"","meta":{"ngg_post_thumbnail":0,"footnotes":""},"class_list":["post-880","page","type-page","status-publish","hentry"],"_links":{"self":[{"href":"https:\/\/vystava.korba.cz\/index.php\/wp-json\/wp\/v2\/pages\/880","targetHints":{"allow":["GET"]}}],"collection":[{"href":"https:\/\/vystava.korba.cz\/index.php\/wp-json\/wp\/v2\/pages"}],"about":[{"href":"https:\/\/vystava.korba.cz\/index.php\/wp-json\/wp\/v2\/types\/page"}],"author":[{"embeddable":true,"href":"https:\/\/vystava.korba.cz\/index.php\/wp-json\/wp\/v2\/users\/1"}],"replies":[{"embeddable":true,"href":"https:\/\/vystava.korba.cz\/index.php\/wp-json\/wp\/v2\/comments?post=880"}],"version-history":[{"count":1,"href":"https:\/\/vystava.korba.cz\/index.php\/wp-json\/wp\/v2\/pages\/880\/revisions"}],"predecessor-version":[{"id":1953,"href":"https:\/\/vystava.korba.cz\/index.php\/wp-json\/wp\/v2\/pages\/880\/revisions\/1953"}],"wp:attachment":[{"href":"https:\/\/vystava.korba.cz\/index.php\/wp-json\/wp\/v2\/media?parent=880"}],"curies":[{"name":"wp","href":"https:\/\/api.w.org\/{rel}","templated":true}]}}