{"id":933,"date":"2026-03-09T11:19:36","date_gmt":"2026-03-09T10:19:36","guid":{"rendered":"http:\/\/localhost\/knin\/?page_id=933"},"modified":"2026-03-17T16:18:54","modified_gmt":"2026-03-17T15:18:54","slug":"kaolin","status":"publish","type":"page","link":"https:\/\/vystava.korba.cz\/index.php\/kaolin\/","title":{"rendered":"Kaol\u00edn"},"content":{"rendered":"<p>T\u011b\u017ebu kaol\u00ednu p\u0159ipom\u00ednaj\u00ed dv\u011b lokality &#8211; jednak jsou to Orty u Hos\u00edna, kde se p\u0159ipravuje zp\u0159\u00edstupn\u011bn\u00ed a jednak Nev\u0159e\u0148 u Plzn\u011b, kter\u00e1 u\u017e pro turisty zp\u0159\u00edstupn\u011bna je.<\/p>\nngg_shortcode_0_placeholder\n<p>&nbsp;<\/p>\n","protected":false},"excerpt":{"rendered":"<p>T\u011b\u017ebu kaol\u00ednu p\u0159ipom\u00ednaj\u00ed dv\u011b lokality &#8211; jednak jsou to Orty u Hos\u00edna, kde se p\u0159ipravuje zp\u0159\u00edstupn\u011bn\u00ed a jednak Nev\u0159e\u0148 u Plzn\u011b, kter\u00e1 u\u017e pro turisty zp\u0159\u00edstupn\u011bna je. &nbsp;<\/p>\n","protected":false},"author":1,"featured_media":0,"parent":0,"menu_order":0,"comment_status":"closed","ping_status":"closed","template":"","meta":{"ngg_post_thumbnail":0,"footnotes":""},"class_list":["post-933","page","type-page","status-publish","hentry"],"_links":{"self":[{"href":"https:\/\/vystava.korba.cz\/index.php\/wp-json\/wp\/v2\/pages\/933","targetHints":{"allow":["GET"]}}],"collection":[{"href":"https:\/\/vystava.korba.cz\/index.php\/wp-json\/wp\/v2\/pages"}],"about":[{"href":"https:\/\/vystava.korba.cz\/index.php\/wp-json\/wp\/v2\/types\/page"}],"author":[{"embeddable":true,"href":"https:\/\/vystava.korba.cz\/index.php\/wp-json\/wp\/v2\/users\/1"}],"replies":[{"embeddable":true,"href":"https:\/\/vystava.korba.cz\/index.php\/wp-json\/wp\/v2\/comments?post=933"}],"version-history":[{"count":2,"href":"https:\/\/vystava.korba.cz\/index.php\/wp-json\/wp\/v2\/pages\/933\/revisions"}],"predecessor-version":[{"id":2014,"href":"https:\/\/vystava.korba.cz\/index.php\/wp-json\/wp\/v2\/pages\/933\/revisions\/2014"}],"wp:attachment":[{"href":"https:\/\/vystava.korba.cz\/index.php\/wp-json\/wp\/v2\/media?parent=933"}],"curies":[{"name":"wp","href":"https:\/\/api.w.org\/{rel}","templated":true}]}}