{"id":937,"date":"2026-03-09T11:24:39","date_gmt":"2026-03-09T10:24:39","guid":{"rendered":"http:\/\/localhost\/knin\/?page_id=937"},"modified":"2026-03-17T12:59:34","modified_gmt":"2026-03-17T11:59:34","slug":"zelezo","status":"publish","type":"page","link":"https:\/\/vystava.korba.cz\/index.php\/zelezo\/","title":{"rendered":"\u017delezo"},"content":{"rendered":"\r\n<p>T\u011b\u017eba \u017eeleza je zastoupena pom\u011brn\u011b bohat\u011b &#8211; je to d\u00e1no t\u00edm, \u017ee \u017eiju v oblasti, kde se sediment\u00e1rn\u00ed v minul\u00e9m stolet\u00ed \u017eelezo t\u011b\u017eilo a zbylo zde po t\u00e9to \u010dinnosti pom\u011brn\u011b dost poz\u016fstatk\u016f. Album je rozd\u011bleno na oblast mezi Prahou a \u017debr\u00e1kem Ho\u0159ovicko a Brdy, Ejpovicko plus t\u0159eba Male\u0161ov nebo Franz-Franz v okrese Brunt\u00e1l. Ze skanzen\u016f jde jmenovat Chrustenickou \u0161achtu a d\u016fl Skalka v Mn\u00ed\u0161ku pod Brdy.<\/p>\r\n\r\nngg_shortcode_0_placeholder","protected":false},"excerpt":{"rendered":"<p>T\u011b\u017eba \u017eeleza je zastoupena pom\u011brn\u011b bohat\u011b &#8211; je to d\u00e1no t\u00edm, \u017ee \u017eiju v oblasti, kde se sediment\u00e1rn\u00ed v minul\u00e9m stolet\u00ed \u017eelezo t\u011b\u017eilo a zbylo zde po t\u00e9to \u010dinnosti pom\u011brn\u011b dost poz\u016fstatk\u016f. Album je rozd\u011bleno na oblast mezi Prahou a \u017debr\u00e1kem Ho\u0159ovicko a Brdy, Ejpovicko plus t\u0159eba Male\u0161ov nebo Franz-Franz v okrese Brunt\u00e1l. Ze skanzen\u016f jde jmenovat Chrustenickou \u0161achtu a d\u016fl Skalka v Mn\u00ed\u0161ku pod Brdy.<\/p>\n","protected":false},"author":1,"featured_media":0,"parent":0,"menu_order":0,"comment_status":"closed","ping_status":"closed","template":"","meta":{"ngg_post_thumbnail":0,"footnotes":""},"class_list":["post-937","page","type-page","status-publish","hentry"],"_links":{"self":[{"href":"https:\/\/vystava.korba.cz\/index.php\/wp-json\/wp\/v2\/pages\/937","targetHints":{"allow":["GET"]}}],"collection":[{"href":"https:\/\/vystava.korba.cz\/index.php\/wp-json\/wp\/v2\/pages"}],"about":[{"href":"https:\/\/vystava.korba.cz\/index.php\/wp-json\/wp\/v2\/types\/page"}],"author":[{"embeddable":true,"href":"https:\/\/vystava.korba.cz\/index.php\/wp-json\/wp\/v2\/users\/1"}],"replies":[{"embeddable":true,"href":"https:\/\/vystava.korba.cz\/index.php\/wp-json\/wp\/v2\/comments?post=937"}],"version-history":[{"count":1,"href":"https:\/\/vystava.korba.cz\/index.php\/wp-json\/wp\/v2\/pages\/937\/revisions"}],"predecessor-version":[{"id":2000,"href":"https:\/\/vystava.korba.cz\/index.php\/wp-json\/wp\/v2\/pages\/937\/revisions\/2000"}],"wp:attachment":[{"href":"https:\/\/vystava.korba.cz\/index.php\/wp-json\/wp\/v2\/media?parent=937"}],"curies":[{"name":"wp","href":"https:\/\/api.w.org\/{rel}","templated":true}]}}