{"id":962,"date":"2026-03-10T11:08:19","date_gmt":"2026-03-10T10:08:19","guid":{"rendered":"http:\/\/localhost\/knin\/?page_id=962"},"modified":"2026-03-10T11:08:19","modified_gmt":"2026-03-10T10:08:19","slug":"uvod","status":"publish","type":"page","link":"https:\/\/vystava.korba.cz\/","title":{"rendered":"\u00davod"},"content":{"rendered":"\n<p><\/p>\n\n\n\n<p>Galerii fotografi\u00ed ze zanikl\u00fdch dol\u016f jsme vytvo\u0159ili proto, aby se lid\u00e9, kter\u00fdm u\u010darovaly podzemn\u00ed prostory, mohli pod\u00edvat, co se v n\u011bkter\u00fdch m\u00edstech skr\u00fdv\u00e1 pod jejich nohama, ani\u017e by to bylo na prvn\u00ed pohled patrn\u00e9 i na povrchu.<\/p>\n\n\n\n<p>Fotografie  byly po\u0159\u00edzeny za posledn\u00edch patn\u00e1ct let zejm\u00e9na jako ilustra\u010dn\u00ed do knih o podzem\u00ed od Vaclava C\u00edlka. Sn\u00edmk\u016f bylo p\u016fvodn\u011b n\u011bco kolem tis\u00edcovky, ale p\u0159ibli\u017en\u011b&nbsp; polovina zmizela v nen\u00e1vratnu kv\u016fli poru\u0161e m\u00e9ho pevn\u00e9ho disku a neexistuj\u00edc\u00edmu z\u00e1lohov\u00e1n\u00ed. Proto zde chyb\u00ed n\u011bkter\u00e1 zn\u00e1m\u00e1 m\u00edsta, jako jsou t\u0159eba Zlat\u00e9 hory nebo vlast\u011bjovick\u00e1 Magdal\u00e9na. <\/p>\n\n\n\n<p>Najdete tu doly, kter\u00e9 jsou \u010d\u00e1ste\u010dn\u011b p\u0159\u00edstupn\u00e9 (to se t\u00fdk\u00e1 zejm\u00e9na skanzen\u016f a n\u011bkter\u00fdch technologick\u00fdch provoz\u016f) i lokality, kter\u00e9 dnes u\u017e nav\u0161t\u00edvit nelze, jako je t\u0159eba podzemn\u00ed tov\u00e1rna Richard u Litom\u011b\u0159ic. Nejv\u00edce jsou ale zastoupeny opu\u0161t\u011bn\u00e9 \u0161toly  \u010di doly z p\u0159elomu devaten\u00e1ct\u00e9ho a dvac\u00e1t\u00e9ho stolet\u00ed. T\u00fdk\u00e1 se to zejm\u00e9na zapomenut\u00fdch dol\u016f na kyzov\u00e9 b\u0159idlice, kter\u00e9 se ob\u010das n\u011bkde v lese projev\u00ed \u010derstv\u00fdm propadem nebo prohraban\u00fdm vchodem, kter\u00fd po \u010dase op\u011bt zanikne.<\/p>\n\n\n\n<p>Fotografie jsou rozd\u011bleny do dev\u00edti alb podle t\u011b\u017een\u00e9 suroviny. Nen\u00ed to p\u0159\u00edli\u0161 \u0161\u0165astn\u00e9 rozd\u011blen\u00ed, ale jin\u00e9, nap\u0159\u00edklad podle lokac\u00ed, by bylo velmi nep\u0159ehledn\u00e9.<\/p>\n\n\n\n<p>Nejv\u011bt\u0161\u00ed d\u00edl fotografi\u00ed m\u00e1 na sv\u011bdom\u00ed trojice Milena Dav\u00eddkov\u00e1 zvan\u00e1 Elv\u00edra, Karel Kestner p\u0159ezd\u00edvan\u00fd Malod\u016fl a j\u00e1. Slu\u0161\u00ed se p\u0159ipomenout i dal\u0161\u00ed, kdo n\u00e1m pom\u00e1hali s focen\u00edm \u010di vytipov\u00e1n\u00edm lokalit. Byli to p\u0159edev\u0161\u00edm Honza Ka\u0161i Ka\u0161p\u00e1rek, Vladim\u00edr Hitman, David Ham\u00e1\u010dek a Lara Vajrychov\u00e1.<\/p>\n\n\n\n<p>A nutno pod\u011bkovat i t\u011bm, kdo n\u00e1m p\u0159\u00edstup do podzem\u00ed umo\u017enili, proto\u017ee neopr\u00e1vn\u011bn\u00fd vstup do d\u016fln\u00edho d\u00edla je p\u0159estupek s pokutou do 15.000,- K\u010d. Zde bych jmenoval zejm\u00e9na p\u0159\u00edbramsk\u00e9 Diamo, b\u00e1\u0148skou z\u00e1chrannou stanici Odolov a mnoho dal\u0161\u00edch. <\/p>\n\n\n","protected":false},"excerpt":{"rendered":"<p>Galerii fotografi\u00ed ze zanikl\u00fdch dol\u016f jsme vytvo\u0159ili proto, aby se lid\u00e9, kter\u00fdm u\u010darovaly podzemn\u00ed prostory, mohli pod\u00edvat, co se v n\u011bkter\u00fdch m\u00edstech skr\u00fdv\u00e1 pod jejich nohama, ani\u017e by to bylo na prvn\u00ed pohled patrn\u00e9 i na povrchu. Fotografie byly po\u0159\u00edzeny za posledn\u00edch patn\u00e1ct let zejm\u00e9na jako ilustra\u010dn\u00ed do knih o podzem\u00ed od Vaclava C\u00edlka. Sn\u00edmk\u016f bylo p\u016fvodn\u011b n\u011bco kolem tis\u00edcovky, ale p\u0159ibli\u017en\u011b&nbsp; polovina zmizela v nen\u00e1vratnu kv\u016fli poru\u0161e m\u00e9ho pevn\u00e9ho disku a neexistuj\u00edc\u00edmu z\u00e1lohov\u00e1n\u00ed. Proto zde chyb\u00ed n\u011bkter\u00e1 zn\u00e1m\u00e1 m\u00edsta, jako jsou t\u0159eba Zlat\u00e9 hory nebo vlast\u011bjovick\u00e1 Magdal\u00e9na. Najdete tu doly, kter\u00e9 jsou \u010d\u00e1ste\u010dn\u011b p\u0159\u00edstupn\u00e9 (to se t\u00fdk\u00e1 zejm\u00e9na skanzen\u016f a n\u011bkter\u00fdch technologick\u00fdch provoz\u016f) i lokality, kter\u00e9 dnes u\u017e nav\u0161t\u00edvit nelze, jako je t\u0159eba podzemn\u00ed tov\u00e1rna Richard u Litom\u011b\u0159ic. Nejv\u00edce jsou ale zastoupeny opu\u0161t\u011bn\u00e9 \u0161toly \u010di doly z p\u0159elomu devaten\u00e1ct\u00e9ho a dvac\u00e1t\u00e9ho stolet\u00ed. T\u00fdk\u00e1 se to zejm\u00e9na zapomenut\u00fdch dol\u016f na kyzov\u00e9 b\u0159idlice, kter\u00e9 se ob\u010das n\u011bkde v lese projev\u00ed \u010derstv\u00fdm propadem nebo prohraban\u00fdm vchodem, kter\u00fd po \u010dase op\u011bt zanikne. Fotografie jsou rozd\u011bleny do dev\u00edti alb podle t\u011b\u017een\u00e9 suroviny. Nen\u00ed to p\u0159\u00edli\u0161 \u0161\u0165astn\u00e9 rozd\u011blen\u00ed, ale jin\u00e9, nap\u0159\u00edklad podle lokac\u00ed, by bylo velmi nep\u0159ehledn\u00e9. Nejv\u011bt\u0161\u00ed d\u00edl fotografi\u00ed m\u00e1 na sv\u011bdom\u00ed trojice Milena Dav\u00eddkov\u00e1 zvan\u00e1 Elv\u00edra, Karel Kestner p\u0159ezd\u00edvan\u00fd Malod\u016fl a j\u00e1. Slu\u0161\u00ed [&hellip;]<\/p>\n","protected":false},"author":1,"featured_media":0,"parent":0,"menu_order":0,"comment_status":"closed","ping_status":"closed","template":"","meta":{"ngg_post_thumbnail":0,"footnotes":""},"class_list":["post-962","page","type-page","status-publish","hentry"],"_links":{"self":[{"href":"https:\/\/vystava.korba.cz\/index.php\/wp-json\/wp\/v2\/pages\/962","targetHints":{"allow":["GET"]}}],"collection":[{"href":"https:\/\/vystava.korba.cz\/index.php\/wp-json\/wp\/v2\/pages"}],"about":[{"href":"https:\/\/vystava.korba.cz\/index.php\/wp-json\/wp\/v2\/types\/page"}],"author":[{"embeddable":true,"href":"https:\/\/vystava.korba.cz\/index.php\/wp-json\/wp\/v2\/users\/1"}],"replies":[{"embeddable":true,"href":"https:\/\/vystava.korba.cz\/index.php\/wp-json\/wp\/v2\/comments?post=962"}],"version-history":[{"count":0,"href":"https:\/\/vystava.korba.cz\/index.php\/wp-json\/wp\/v2\/pages\/962\/revisions"}],"wp:attachment":[{"href":"https:\/\/vystava.korba.cz\/index.php\/wp-json\/wp\/v2\/media?parent=962"}],"curies":[{"name":"wp","href":"https:\/\/api.w.org\/{rel}","templated":true}]}}