{"id":973,"date":"2026-03-10T13:12:37","date_gmt":"2026-03-10T12:12:37","guid":{"rendered":"http:\/\/localhost\/knin\/?page_id=973"},"modified":"2026-03-17T12:57:24","modified_gmt":"2026-03-17T11:57:24","slug":"kyzove-bridlice","status":"publish","type":"page","link":"https:\/\/vystava.korba.cz\/index.php\/kyzove-bridlice\/","title":{"rendered":"Kyzov\u00e9 b\u0159idlice"},"content":{"rendered":"<p>Album kyzov\u00e9 b\u0159idlice obsahuje pouze jednu galerii, proto\u017ee nafocen\u00e9 kyzov\u00e9 doly poch\u00e1z\u00ed v\u0161echny z oblasti severn\u011b od Plzn\u011b. Dob\u00fdvan\u00fd produkt slou\u017eil zejm\u00e9na v\u00fdrob\u011b d\u00fdmav\u00e9 kyseliny s\u00edrov\u00e9 (olea), kamence \u010di s\u00e1dry. T\u011b\u017eba skon\u010dila s koncem devaten\u00e1ct\u00e9ho stolet\u00ed, kdy byl v Anglii objeven m\u00e9n\u011b energeticky n\u00e1ro\u010dn\u00fd zp\u016fsob v\u00fdroby kyseliny a od t\u00e9 doby jsou pom\u011brn\u011b hojn\u00e9 doly na kyzov\u00e9 b\u0159idlice opu\u0161t\u011bn\u00e9. Pro fotografa jsou velmi atraktivn\u00ed zejm\u00e9na svoji pestrou barevnost\u00ed i velk\u00fdmi vyt\u011b\u017een\u00fdmi prostorami. ngg_shortcode_0_placeholder<\/p>\n\r\n\r\n\r\n<p>&nbsp;<\/p>\r\n","protected":false},"excerpt":{"rendered":"<p>&nbsp;<\/p>\n","protected":false},"author":1,"featured_media":0,"parent":0,"menu_order":0,"comment_status":"closed","ping_status":"closed","template":"","meta":{"ngg_post_thumbnail":0,"footnotes":""},"class_list":["post-973","page","type-page","status-publish","hentry"],"_links":{"self":[{"href":"https:\/\/vystava.korba.cz\/index.php\/wp-json\/wp\/v2\/pages\/973","targetHints":{"allow":["GET"]}}],"collection":[{"href":"https:\/\/vystava.korba.cz\/index.php\/wp-json\/wp\/v2\/pages"}],"about":[{"href":"https:\/\/vystava.korba.cz\/index.php\/wp-json\/wp\/v2\/types\/page"}],"author":[{"embeddable":true,"href":"https:\/\/vystava.korba.cz\/index.php\/wp-json\/wp\/v2\/users\/1"}],"replies":[{"embeddable":true,"href":"https:\/\/vystava.korba.cz\/index.php\/wp-json\/wp\/v2\/comments?post=973"}],"version-history":[{"count":1,"href":"https:\/\/vystava.korba.cz\/index.php\/wp-json\/wp\/v2\/pages\/973\/revisions"}],"predecessor-version":[{"id":1998,"href":"https:\/\/vystava.korba.cz\/index.php\/wp-json\/wp\/v2\/pages\/973\/revisions\/1998"}],"wp:attachment":[{"href":"https:\/\/vystava.korba.cz\/index.php\/wp-json\/wp\/v2\/media?parent=973"}],"curies":[{"name":"wp","href":"https:\/\/api.w.org\/{rel}","templated":true}]}}